{"id":10431,"date":"2022-11-26T03:01:01","date_gmt":"2022-11-26T03:01:01","guid":{"rendered":"https:\/\/aslarturizm.com\/en\/?post_type=product&#038;p=10431"},"modified":"2023-06-05T15:58:19","modified_gmt":"2023-06-05T15:58:19","slug":"kas-paragliding","status":"publish","type":"product","link":"https:\/\/aslarturizm.com\/en\/tours\/kas-paragliding\/","title":{"rendered":"Kas Paragliding"},"content":{"rendered":"<div class=\"group w-full text-gray-800 dark:text-gray-100 border-b border-black\/10 dark:border-gray-900\/50 bg-gray-50 dark:bg-[#444654]\">\n<div class=\"flex p-4 gap-4 text-base md:gap-6 md:max-w-2xl lg:max-w-xl xl:max-w-3xl md:py-6 lg:px-0 m-auto\">\n<div class=\"relative flex w-[calc(100%-50px)] flex-col gap-1 md:gap-3 lg:w-[calc(100%-115px)]\">\n<div class=\"flex flex-grow flex-col gap-3\">\n<div class=\"min-h-[20px] flex flex-col items-start gap-4 whitespace-pre-wrap break-words\">\n<div class=\"markdown prose w-full break-words dark:prose-invert light\">\n<p>Kas Paragliding flights have been indefinitely suspended by the governorship&#8217;s decision in Kas after 10.06.2022<\/p>\n<\/div>\n<\/div>\n<\/div>\n<\/div>\n<\/div>\n<\/div>\n<p>After Oludeniz, Ka\u015f is one of the best places to do tandem paragliding in Turkey. The dramatic mountains rising just behind Ka\u015f provides wonderful conditions for paragliding. It\u2019s literally like taking a look at the region from Google Earth. The Greek island of Meis, Limana\u011fz\u0131 Bay to the east, \u00c7ukurba\u011f peninsula to the west, the ancient theatre, numerous rock tombs, streets of Ka\u015f and turquoise colours of the Med will all be lying under your feet. This 30 min flight will be an unforgettable part of your trip.<\/p>\n<p>There are 4 to 6 flights each day running every two hours. This is a tandem flight and a professional tandem pilot will be guiding from take off to land in. The flights only take place if the wind conditions are good enough. The pilots and the crew will take you from Ka\u015f centre and transfer (20 min) you to the take off place above Ka\u015f. This place has been specifically arranged for paragliders to take off. As all the companies are using the same take off point, you will be waiting for your turn. In the meantime, your pilot will give you a briefing about the flight and instruct you on what to do. After wearing the harness and making the final arrangements, you will be ready for the take off. Other than your pilot, there will be a take off crew helping you. With the instructions, you will start running and a few steps later before you even notice you will be in the air. The flight is quite stable and there are no acrobatic moves unless you ask the pilot to do so. Feel the wind through your body and let the mediterranean air take you. The views are truly stunning. Your pilot will be taking photographs of you should you want one. The flight ends as you land in the harbour of Ka\u015f. This is a soft landing and there is no need to be afraid at all. The crew will also be helping you the second you put your feet on the ground.<\/p>\n<p>The whole activity takes about two hours. * Trainers or sport shoes * Shorts * Sunglasses * Camera * Water<\/p>\n<p>&nbsp;<\/p>\n<div>You can also check for private boat tours details below :<\/div>\n<div><\/div>\n<div><a href=\"https:\/\/aslarturizm.com\/en\/tours\/kekova-private-boat-trip\/\">https:\/\/aslarturizm.com\/en\/tours\/kekova-private-boat-trip\/<\/a><\/div>\n<div><\/div>\n<div>For Turkish Language :<\/div>\n<div><\/div>\n<div><a href=\"https:\/\/www.kaskekovatekneturu.com\/ozel-tekne-turu\/\">https:\/\/www.kaskekovatekneturu.com\/ozel-tekne-turu\/<\/a><\/div>\n<p><iframe loading=\"lazy\" style=\"border: 0;\" src=\"https:\/\/www.google.com\/maps\/embed?pb=!1m18!1m12!1m3!1d4553.204138699735!2d29.622113644010096!3d36.20057174999057!2m3!1f0!2f0!3f0!3m2!1i1024!2i768!4f13.1!3m3!1m2!1s0x14c1da5746153c07%3A0xf006def2517235f!2sKa%C5%9F%20Belediyesi!5e0!3m2!1str!2str!4v1669431453285!5m2!1str!2str\" width=\"100%\" height=\"450\" allowfullscreen=\"allowfullscreen\"><span data-mce-type=\"bookmark\" style=\"display: inline-block; width: 0px; overflow: hidden; line-height: 0;\" class=\"mce_SELRES_start\">\ufeff<\/span><\/iframe><\/p>\n","protected":false},"excerpt":{"rendered":"<p>Kas Paragliding flights have been indefinitely suspended by the governorship&#8217;s decision in Kas after 10.06.2022 After Oludeniz, Ka\u015f is one of the best places to do tandem paragliding in Turkey. The dramatic mountains rising just behind Ka\u015f provides wonderful conditions for paragliding. It\u2019s literally like taking a look at the region from Google Earth. The [&hellip;]<\/p>\n","protected":false},"featured_media":10432,"comment_status":"open","ping_status":"closed","template":"","meta":{"om_disable_all_campaigns":false,"_monsterinsights_skip_tracking":false,"_monsterinsights_sitenote_active":false,"_monsterinsights_sitenote_note":"","_monsterinsights_sitenote_category":0},"product_brand":[],"product_cat":[17],"product_tag":[26,105,104,110,107,112,113,111,108,106,109],"class_list":{"0":"post-10431","1":"product","2":"type-product","3":"status-publish","4":"has-post-thumbnail","6":"product_cat-kas-tours","7":"product_tag-antalya-tours","8":"product_tag-best-paragliding-spots-in-kas","9":"product_tag-kas-paragliding","10":"product_tag-kas-paragliding-experience","11":"product_tag-kas-paragliding-prices","12":"product_tag-kas-paragliding-season","13":"product_tag-paragliding","14":"product_tag-paragliding-safety-in-kas","15":"product_tag-paragliding-schools-in-kas","16":"product_tag-paragliding-tours-in-kas","17":"product_tag-tandem-paragliding-in-kas","18":"yith_booking_service-flight-photo","20":"first","21":"instock","22":"virtual","23":"sold-individually","24":"purchasable","25":"product-type-booking"},"aioseo_notices":[],"_links":{"self":[{"href":"https:\/\/aslarturizm.com\/en\/wp-json\/wp\/v2\/product\/10431","targetHints":{"allow":["GET"]}}],"collection":[{"href":"https:\/\/aslarturizm.com\/en\/wp-json\/wp\/v2\/product"}],"about":[{"href":"https:\/\/aslarturizm.com\/en\/wp-json\/wp\/v2\/types\/product"}],"replies":[{"embeddable":true,"href":"https:\/\/aslarturizm.com\/en\/wp-json\/wp\/v2\/comments?post=10431"}],"wp:featuredmedia":[{"embeddable":true,"href":"https:\/\/aslarturizm.com\/en\/wp-json\/wp\/v2\/media\/10432"}],"wp:attachment":[{"href":"https:\/\/aslarturizm.com\/en\/wp-json\/wp\/v2\/media?parent=10431"}],"wp:term":[{"taxonomy":"product_brand","embeddable":true,"href":"https:\/\/aslarturizm.com\/en\/wp-json\/wp\/v2\/product_brand?post=10431"},{"taxonomy":"product_cat","embeddable":true,"href":"https:\/\/aslarturizm.com\/en\/wp-json\/wp\/v2\/product_cat?post=10431"},{"taxonomy":"product_tag","embeddable":true,"href":"https:\/\/aslarturizm.com\/en\/wp-json\/wp\/v2\/product_tag?post=10431"}],"curies":[{"name":"wp","href":"https:\/\/api.w.org\/{rel}","templated":true}]}}